{"id":5557,"date":"2021-06-22T10:20:13","date_gmt":"2021-06-22T10:20:13","guid":{"rendered":"https:\/\/treterre.it\/?page_id=5557"},"modified":"2026-05-02T12:19:18","modified_gmt":"2026-05-02T12:19:18","slug":"snacks","status":"publish","type":"page","link":"https:\/\/treterre.it\/it\/snacks\/","title":{"rendered":"Snacks"},"content":{"rendered":"<div id=\"pl-5557\"  class=\"panel-layout\" ><div id=\"pg-5557-0\"  class=\"panel-grid panel-has-style\" ><div class=\"siteorigin-panels-stretch panel-row-style panel-row-style-for-5557-0\" data-stretch-type=\"full-width-stretch\" ><div id=\"pgc-5557-0-0\"  class=\"panel-grid-cell\" ><div id=\"panel-5557-0-0-0\" class=\"so-panel widget widget_sow-hero panel-first-child panel-last-child\" data-index=\"0\" ><div class=\"panel-widget-style panel-widget-style-for-5557-0-0-0\" ><div\n\t\t\t\n\t\t\tclass=\"so-widget-sow-hero so-widget-sow-hero-default-0e0a48de37db-5557\"\n\t\t\t\n\t\t>\t\t\t\t<div class=\"sow-slider-base\" style=\"display: none\" tabindex=\"0\">\n\t\t\t\t\t<ul\n\t\t\t\t\tclass=\"sow-slider-images\"\n\t\t\t\t\tdata-settings=\"{&quot;pagination&quot;:true,&quot;speed&quot;:800,&quot;timeout&quot;:8000,&quot;paused&quot;:false,&quot;pause_on_hover&quot;:false,&quot;swipe&quot;:true,&quot;nav_always_show_desktop&quot;:&quot;&quot;,&quot;nav_always_show_mobile&quot;:&quot;&quot;,&quot;breakpoint&quot;:&quot;780px&quot;,&quot;unmute&quot;:false,&quot;anchor&quot;:null}\"\n\t\t\t\t\tstyle=\"min-height: 50vh\"\t\t\t\t\tdata-anchor-id=\"\"\n\t\t\t\t>\t\t<li class=\"sow-slider-image  sow-slider-image-cover\" style=\"visibility: visible;;background-color: #333333;background-image: url(https:\/\/treterre.it\/wp-content\/uploads\/2019\/10\/IMG_1297.jpg)\" >\n\t\t\t\t\t<div class=\"sow-slider-image-container\">\n\t\t\t<div class=\"sow-slider-image-wrapper\">\n\t\t\t\t\t\t\t<\/div>\n\t\t<\/div>\n\t\t\t\t<\/li>\n\t\t<\/ul>\t\t\t\t<ol class=\"sow-slider-pagination\">\n\t\t\t\t\t\t\t\t\t\t\t<li><a href=\"#\" data-goto=\"0\" aria-label=\"Display slide 1\"><\/a><\/li>\n\t\t\t\t\t\t\t\t\t<\/ol>\n\n\t\t\t\t<div class=\"sow-slide-nav sow-slide-nav-next\">\n\t\t\t\t\t<a href=\"#\" data-goto=\"next\" aria-label=\"Next slide\" data-action=\"next\">\n\t\t\t\t\t\t<em class=\"sow-sld-icon-thin-right\"><\/em>\n\t\t\t\t\t<\/a>\n\t\t\t\t<\/div>\n\n\t\t\t\t<div class=\"sow-slide-nav sow-slide-nav-prev\">\n\t\t\t\t\t<a href=\"#\" data-goto=\"previous\" aria-label=\"Previous slide\" data-action=\"prev\">\n\t\t\t\t\t\t<em class=\"sow-sld-icon-thin-left\"><\/em>\n\t\t\t\t\t<\/a>\n\t\t\t\t<\/div>\n\t\t\t\t<\/div><\/div><\/div><\/div><\/div><\/div><\/div><div id=\"pg-5557-1\"  class=\"panel-grid panel-has-style\" ><div class=\"siteorigin-panels-stretch panel-row-style panel-row-style-for-5557-1\" data-stretch-type=\"full\" ><div id=\"pgc-5557-1-0\"  class=\"panel-grid-cell\" ><div id=\"panel-5557-1-0-0\" class=\"so-panel widget widget_sow-editor panel-first-child panel-last-child\" data-index=\"1\" ><div class=\"panel-widget-style panel-widget-style-for-5557-1-0-0\" ><div\n\t\t\t\n\t\t\tclass=\"so-widget-sow-editor so-widget-sow-editor-base\"\n\t\t\t\n\t\t>\n<div class=\"siteorigin-widget-tinymce textwidget\">\n\t<div class=\"voce\">Bevande disponibili tutti i giorni<\/div>\n<\/div>\n<\/div><\/div><\/div><\/div><\/div><\/div><div id=\"pg-5557-2\"  class=\"panel-grid panel-no-style\" ><div id=\"pgc-5557-2-0\"  class=\"panel-grid-cell\" ><div id=\"panel-5557-2-0-0\" class=\"so-panel widget widget_sow-editor panel-first-child panel-last-child\" data-index=\"2\" ><div class=\"panel-widget-style panel-widget-style-for-5557-2-0-0\" ><div\n\t\t\t\n\t\t\tclass=\"so-widget-sow-editor so-widget-sow-editor-base\"\n\t\t\t\n\t\t>\n<div class=\"siteorigin-widget-tinymce textwidget\">\n\t<div class=\"toprow\">\n<div class=\"matt-col1\">Aperitivi &amp; Cocktails<\/div>\n<div class=\"matt-col2\"><\/div>\n<div class=\"matt-col3\"><\/div>\n<div class=\"matt-col4\"><\/div>\n<\/div>\n<div class=\"serzrow\">\n<div class=\"serz-col1\">\n<p class=\"vino\">L\u2019analcolico<\/p>\n<p class=\"wine-desc\">Aperitivo il Festivo Portofino<\/p>\n<p class=\"wine-desc\">\n<\/div>\n<div class=\"serz-col2\"><\/div>\n<div class=\"serz-col3\"><\/div>\n<div class=\"serz-col4\">\n<p>\u20ac7.00<\/p>\n<\/div>\n<\/div>\n<div class=\"serzrow\">\n<div class=\"serz-col1\">\n<p class=\"vino\">L\u2019altro spritz<\/p>\n<p class=\"wine-desc\">Aperol, prosecco, selz, zenzero, scorza d\u2019arancia<\/p>\n<p class=\"wine-desc\">\n<\/div>\n<div class=\"serz-col2\"><\/div>\n<div class=\"serz-col3\"><\/div>\n<div class=\"serz-col4\">\n<p>\u20ac12.00<\/p>\n<\/div>\n<\/div>\n<div class=\"serzrow\">\n<div class=\"serz-col1\">\n<p class=\"vino\">Blueberry Highball<\/p>\n<p class=\"wine-desc\">Gin Tanqueray, nettare di mirtillo bio, succo di lime<\/p>\n<p class=\"wine-desc\">\n<\/div>\n<div class=\"serz-col2\"><\/div>\n<div class=\"serz-col3\"><\/div>\n<div class=\"serz-col4\">\n<p>\u20ac12.00<\/p>\n<\/div>\n<\/div>\n<div class=\"serzrow\">\n<div class=\"serz-col1\">\n<p class=\"vino\">Campari soda<\/p>\n<p class=\"wine-desc\">Bitter Campari, selz, scorza di arancia<\/p>\n<p class=\"wine-desc\">\n<\/div>\n<div class=\"serz-col2\"><\/div>\n<div class=\"serz-col3\"><\/div>\n<div class=\"serz-col4\">\n<p>\u20ac10.00<\/p>\n<\/div>\n<\/div>\n<div class=\"serzrow\">\n<div class=\"serz-col1\">\n<p class=\"vino\">Negroni<\/p>\n<p class=\"wine-desc\">Antica Formula Vermut , gin Tanqueray, bitter Campari<\/p>\n<p class=\"wine-desc\">\n<\/div>\n<div class=\"serz-col2\"><\/div>\n<div class=\"serz-col3\"><\/div>\n<div class=\"serz-col4\">\n<p>\u20ac12.00<\/p>\n<\/div>\n<\/div>\n<div class=\"serzrow\">\n<div class=\"serz-col1\">\n<p class=\"vino\">Milano Torino<\/p>\n<p class=\"wine-desc\">Antica Formula Vermut, bitter Campari<\/p>\n<p class=\"wine-desc\">\n<\/div>\n<div class=\"serz-col2\"><\/div>\n<div class=\"serz-col3\"><\/div>\n<div class=\"serz-col4\">\n<p>\u20ac12.00<\/p>\n<\/div>\n<\/div>\n<div class=\"serzrow\">\n<div class=\"serz-col1\">\n<p class=\"vino\">Sbagliato<\/p>\n<p class=\"wine-desc\">Antica Formula Vermut, bitter Campari, prosecco<\/p>\n<p class=\"wine-desc\">\n<\/div>\n<div class=\"serz-col2\"><\/div>\n<div class=\"serz-col3\"><\/div>\n<div class=\"serz-col4\">\n<p>\u20ac12.00<\/p>\n<\/div>\n<\/div>\n<div class=\"serzrow\">\n<div class=\"serz-col1\">\n<p class=\"vino\">Americano<\/p>\n<p class=\"wine-desc\">Antica Formula Vermut, bitter Campari, soda<\/p>\n<p class=\"wine-desc\">\n<\/div>\n<div class=\"serz-col2\"><\/div>\n<div class=\"serz-col3\"><\/div>\n<div class=\"serz-col4\">\n<p>\u20ac12.00<\/p>\n<\/div>\n<\/div>\n<div class=\"serzrow\">\n<div class=\"serz-col1\">\n<p class=\"vino\">Hugo<\/p>\n<p class=\"wine-desc\">Prosecco, lime, sciroppo di Sambuco, menta, soda<\/p>\n<p class=\"wine-desc\">\n<\/div>\n<div class=\"serz-col2\"><\/div>\n<div class=\"serz-col3\"><\/div>\n<div class=\"serz-col4\">\n<p>\u20ac12.00<\/p>\n<\/div>\n<\/div>\n<div class=\"serzrow\">\n<div class=\"serz-col1\">\n<p class=\"vino\">Mojito<\/p>\n<p class=\"wine-desc\">Havana 3 , soda, lime, zucchero di canna bianco , menta fresca<\/p>\n<p class=\"wine-desc\">\n<\/div>\n<div class=\"serz-col2\"><\/div>\n<div class=\"serz-col3\"><\/div>\n<div class=\"serz-col4\">\n<p>\u20ac12.00<\/p>\n<\/div>\n<\/div>\n<div class=\"serz-col1\">\n<p class=\"wine-desc\">\n<\/div>\n<div class=\"toprow\">\n<div class=\"matt-col1\">Birre<\/div>\n<div class=\"matt-col2\"><\/div>\n<div class=\"matt-col3\"><\/div>\n<div class=\"matt-col4\"><\/div>\n<\/div>\n<div class=\"serzrow\">\n<div class=\"serz-col1\">\n<p class=\"vino\">Vetra Pils<\/p>\n<p class=\"wine-desc\">\n<\/div>\n<div class=\"serz-col2\"><\/div>\n<div class=\"serz-col3\">\n<p>0.33dl<\/p>\n<\/div>\n<div class=\"serz-col4\">\n<p>\u20ac6.50<\/p>\n<\/div>\n<\/div>\n<div class=\"serzrow\">\n<div class=\"serz-col1\">\n<p class=\"vino\">Erdinger Weizen<\/p>\n<p class=\"wine-desc\">\n<\/div>\n<div class=\"serz-col2\"><\/div>\n<div class=\"serz-col3\">\n<p>0.50dl<\/p>\n<\/div>\n<div class=\"serz-col4\">\n<p>\u20ac6.50<\/p>\n<\/div>\n<\/div>\n<div class=\"serz-col1\">\n<p class=\"wine-desc\">\n<\/div>\n<div class=\"toprow\">\n<div class=\"matt-col1\">Bevande e succhi<\/div>\n<div class=\"matt-col2\"><\/div>\n<div class=\"matt-col3\"><\/div>\n<div class=\"matt-col4\"><\/div>\n<\/div>\n<div class=\"serzrow\">\n<div class=\"serz-col1\">\n<p class=\"vino\">Chinotto Portofino<\/p>\n<p class=\"wine-desc\">\n<\/div>\n<div class=\"serz-col2\"><\/div>\n<div class=\"serz-col3\"><\/div>\n<div class=\"serz-col4\">\n<p>\u20ac5.00<\/p>\n<\/div>\n<\/div>\n<div class=\"serzrow\">\n<div class=\"serz-col1\">\n<p class=\"vino\">Limonata Portofino<\/p>\n<p class=\"wine-desc\">\n<\/div>\n<div class=\"serz-col2\"><\/div>\n<div class=\"serz-col3\"><\/div>\n<div class=\"serz-col4\">\n<p>\u20ac5.00<\/p>\n<\/div>\n<\/div>\n<div class=\"serzrow\">\n<div class=\"serz-col1\">\n<p class=\"vino\">Mandarinata Portofino<\/p>\n<p class=\"wine-desc\">\n<\/div>\n<div class=\"serz-col2\"><\/div>\n<div class=\"serz-col3\"><\/div>\n<div class=\"serz-col4\">\n<p>\u20ac5.00<\/p>\n<\/div>\n<\/div>\n<div class=\"serzrow\">\n<div class=\"serz-col1\">\n<p class=\"vino\">Coca Cola<\/p>\n<p class=\"wine-desc\">\n<\/div>\n<div class=\"serz-col2\"><\/div>\n<div class=\"serz-col3\"><\/div>\n<div class=\"serz-col4\">\n<p>\u20ac5.00<\/p>\n<\/div>\n<\/div>\n<div class=\"serz-col1\">\n<p class=\"wine-desc\">\n<\/div>\n<div class=\"toprow\">\n<div class=\"matt-col1\">Gin & tonic<\/div>\n<div class=\"matt-col2\"><\/div>\n<div class=\"matt-col3\"><\/div>\n<div class=\"matt-col4\"><\/div>\n<\/div>\n<div class=\"serzrow\">\n<div class=\"serz-col1\">\n<p class=\"vino\">Hendrick's<\/p>\n<p class=\"wine-desc\">\n<\/div>\n<div class=\"serz-col2\"><\/div>\n<div class=\"serz-col3\"><\/div>\n<div class=\"serz-col4\">\n<p>\u20ac14.00<\/p>\n<\/div>\n<\/div>\n<div class=\"serzrow\">\n<div class=\"serz-col1\">\n<p class=\"vino\">Tanqueray Ten<\/p>\n<p class=\"wine-desc\">\n<\/div>\n<div class=\"serz-col2\"><\/div>\n<div class=\"serz-col3\"><\/div>\n<div class=\"serz-col4\">\n<p>\u20ac14.00<\/p>\n<\/div>\n<\/div>\n<div class=\"serzrow\">\n<div class=\"serz-col1\">\n<p class=\"vino\">Tanqueray<\/p>\n<p class=\"wine-desc\">\n<\/div>\n<div class=\"serz-col2\"><\/div>\n<div class=\"serz-col3\"><\/div>\n<div class=\"serz-col4\">\n<p>\u20ac14.00<\/p>\n<\/div>\n<\/div>\n<div class=\"serzrow\">\n<div class=\"serz-col1\">\n<p class=\"vino\">Gin Poli Marconi 46<\/p>\n<p class=\"wine-desc\">\n<\/div>\n<div class=\"serz-col2\"><\/div>\n<div class=\"serz-col3\"><\/div>\n<div class=\"serz-col4\">\n<p>\u20ac14.00<\/p>\n<\/div>\n<\/div>\n<div class=\"serzrow\">\n<div class=\"serz-col1\">\n<p class=\"vino\">Monkey 47<\/p>\n<p class=\"wine-desc\">\n<\/div>\n<div class=\"serz-col2\"><\/div>\n<div class=\"serz-col3\"><\/div>\n<div class=\"serz-col4\">\n<p>\u20ac14.00<\/p>\n<\/div>\n<\/div>\n<div class=\"serzrow\">\n<div class=\"serz-col1\">\n<p class=\"vino\">Rivo<\/p>\n<p class=\"wine-desc\">\n<\/div>\n<div class=\"serz-col2\"><\/div>\n<div class=\"serz-col3\"><\/div>\n<div class=\"serz-col4\">\n<p>\u20ac14.00<\/p>\n<\/div>\n<\/div>\n<div class=\"serzrow\">\n<div class=\"serz-col1\">\n<p class=\"vino\">Tom Time<\/p>\n<p class=\"wine-desc\">\n<\/div>\n<div class=\"serz-col2\"><\/div>\n<div class=\"serz-col3\"><\/div>\n<div class=\"serz-col4\">\n<p>\u20ac14.00<\/p>\n<\/div>\n<\/div>\n<\/div>\n<\/div><\/div><\/div><\/div><\/div><div id=\"pg-5557-3\"  class=\"panel-grid panel-no-style\" ><div id=\"pgc-5557-3-0\"  class=\"panel-grid-cell\" ><div id=\"panel-5557-3-0-0\" class=\"so-panel widget widget_sow-editor panel-first-child panel-last-child\" data-index=\"3\" ><div class=\"panel-widget-style panel-widget-style-for-5557-3-0-0\" ><div\n\t\t\t\n\t\t\tclass=\"so-widget-sow-editor so-widget-sow-editor-base\"\n\t\t\t\n\t\t>\n<div class=\"siteorigin-widget-tinymce textwidget\">\n\t<div class=\"voce\">Snack disponibili dal Luned\u00ec al Venerd\u00ec dalle 14:00 alle 17:30 ; Il Mercoled\u00ec dalle 14:00 alle 18:30<\/div>\n<\/div>\n<\/div><\/div><\/div><\/div><\/div><div id=\"pg-5557-4\"  class=\"panel-grid panel-no-style\" ><div id=\"pgc-5557-4-0\"  class=\"panel-grid-cell\" ><div id=\"panel-5557-4-0-0\" class=\"so-panel widget widget_sow-editor panel-first-child panel-last-child\" data-index=\"4\" ><div class=\"panel-widget-style panel-widget-style-for-5557-4-0-0\" ><div\n\t\t\t\n\t\t\tclass=\"so-widget-sow-editor so-widget-sow-editor-base\"\n\t\t\t\n\t\t>\n<div class=\"siteorigin-widget-tinymce textwidget\">\n\t<div class=\"serzrow\">\n<div class=\"serz-col1\">\n<p class=\"vino\">Mozzarella Fiordilatte, emulsione e tartare di pomodoro rosso e giallo, olio al basilico<\/p>\n<p class=\"wine-desc\">\n<\/div>\n<div class=\"serz-col2\"><\/div>\n<div class=\"serz-col3\"><\/div>\n<div class=\"serz-col4\">\n<p>\u20ac16.00<\/p>\n<\/div>\n<\/div>\n<div class=\"serzrow\">\n<div class=\"serz-col1\">\n<p class=\"vino\">Club sandwich, casera, frittata, bacon e insalata<\/p>\n<\/div>\n<div class=\"serz-col2\"><\/div>\n<div class=\"serz-col3\"><\/div>\n<div class=\"serz-col4\">\n<p>\u20ac17.00<\/p>\n<\/div>\n<\/div>\n<div class=\"serzrow\">\n<div class=\"serz-col1\">\n<p class=\"vino\">Roast beef, salsa verde e senape<\/p>\n<\/div>\n<div class=\"serz-col2\"><\/div>\n<div class=\"serz-col3\"><\/div>\n<div class=\"serz-col4\">\n<p>\u20ac17.00<\/p>\n<\/div>\n<\/div>\n<div class=\"serzrow\">\n<div class=\"serz-col1\">\n<p class=\"vino\">Hummus, verdure dell\u2019orto e kefir al fico<\/p>\n<\/div>\n<div class=\"serz-col2\"><\/div>\n<div class=\"serz-col3\"><\/div>\n<div class=\"serz-col4\">\n<p>\u20ac15.00<\/p>\n<\/div>\n<\/div><\/p>\n<\/div>\n<\/div><\/div><\/div><\/div><\/div><\/div>","protected":false},"excerpt":{"rendered":"<p>Bevande disponibili tutti i giorni<\/p>\n","protected":false},"author":3,"featured_media":0,"parent":0,"menu_order":0,"comment_status":"closed","ping_status":"closed","template":"","meta":{"footnotes":""},"class_list":["post-5557","page","type-page","status-publish"],"_links":{"self":[{"href":"https:\/\/treterre.it\/it\/wp-json\/wp\/v2\/pages\/5557","targetHints":{"allow":["GET"]}}],"collection":[{"href":"https:\/\/treterre.it\/it\/wp-json\/wp\/v2\/pages"}],"about":[{"href":"https:\/\/treterre.it\/it\/wp-json\/wp\/v2\/types\/page"}],"author":[{"embeddable":true,"href":"https:\/\/treterre.it\/it\/wp-json\/wp\/v2\/users\/3"}],"replies":[{"embeddable":true,"href":"https:\/\/treterre.it\/it\/wp-json\/wp\/v2\/comments?post=5557"}],"version-history":[{"count":6,"href":"https:\/\/treterre.it\/it\/wp-json\/wp\/v2\/pages\/5557\/revisions"}],"predecessor-version":[{"id":7132,"href":"https:\/\/treterre.it\/it\/wp-json\/wp\/v2\/pages\/5557\/revisions\/7132"}],"wp:attachment":[{"href":"https:\/\/treterre.it\/it\/wp-json\/wp\/v2\/media?parent=5557"}],"curies":[{"name":"wp","href":"https:\/\/api.w.org\/{rel}","templated":true}]}}