{"id":4300,"date":"2020-05-13T21:49:44","date_gmt":"2020-05-13T21:49:44","guid":{"rendered":"https:\/\/els-staging.site\/pianello\/?page_id=4300"},"modified":"2024-08-27T10:10:36","modified_gmt":"2024-08-27T10:10:36","slug":"chi_siamo","status":"publish","type":"page","link":"https:\/\/treterre.it\/it\/chi_siamo\/","title":{"rendered":"Chi Siamo"},"content":{"rendered":"<div id=\"pl-4300\"  class=\"panel-layout\" ><div id=\"pg-4300-0\"  class=\"panel-grid panel-has-style\" ><div id=\"sect1\" class=\"panel-row-style panel-row-style-for-4300-0\" ><div id=\"pgc-4300-0-0\"  class=\"panel-grid-cell\" ><div id=\"panel-4300-0-0-0\" class=\"so-panel widget widget_sow-editor panel-first-child panel-last-child\" data-index=\"0\" ><div class=\"panel-widget-style panel-widget-style-for-4300-0-0-0\" ><div\n\t\t\t\n\t\t\tclass=\"so-widget-sow-editor so-widget-sow-editor-base\"\n\t\t\t\n\t\t>\n<div class=\"siteorigin-widget-tinymce textwidget\">\n\t<h1>Comfort<\/h1>\n<p>Agriturismo Treterre significa pace e serenit\u00e0. Assicurare questo stato d'animo per tutti i nostri ospiti \u00e8 la priorit\u00e0 nel nostro lavoro, ed \u00e8 per questo che ogni giorno ci impegniamo per offrire il massimo confort per una permanenza allo stesso tempo tranquilla e memorabile. Raggiungi la struttura con facilit\u00e0 e senza stress grazie al check-in flessibile e al nostro parcheggio privato e gratuito... il vostro alloggio sar\u00e0 a pochi passi dalla reception. Godetevi la luce del sole a bordo piscina o direttamente dal vostro giardino o balcone privato... fatevi avvolgere dal lussuoso confort delle nostre camere.<\/p>\n<\/div>\n<\/div><\/div><\/div><\/div><div id=\"pgc-4300-0-1\"  class=\"panel-grid-cell\" ><div id=\"panel-4300-0-1-0\" class=\"so-panel widget widget_sow-editor panel-first-child panel-last-child\" data-index=\"1\" ><div\n\t\t\t\n\t\t\tclass=\"so-widget-sow-editor so-widget-sow-editor-base\"\n\t\t\t\n\t\t>\n<div class=\"siteorigin-widget-tinymce textwidget\">\n\t<div id='gallery-1' class='gallery galleryid-4300 gallery-columns-1 gallery-size-large'><figure class='gallery-item'>\n\t\t\t<div class='gallery-icon portrait'>\n\t\t\t\t<img loading=\"lazy\" decoding=\"async\" width=\"683\" height=\"1024\" src=\"https:\/\/treterre.it\/wp-content\/uploads\/2024\/04\/Treterre-9351-min.jpg\" class=\"attachment-large size-large\" alt=\"\" \/>\n\t\t\t<\/div><\/figure><figure class='gallery-item'>\n\t\t\t<div class='gallery-icon portrait'>\n\t\t\t\t<img loading=\"lazy\" decoding=\"async\" width=\"683\" height=\"1024\" src=\"https:\/\/treterre.it\/wp-content\/uploads\/2024\/04\/Treterre-220523-428-min.jpg\" class=\"attachment-large size-large\" alt=\"\" \/>\n\t\t\t<\/div><\/figure><figure class='gallery-item'>\n\t\t\t<div class='gallery-icon portrait'>\n\t\t\t\t<img loading=\"lazy\" decoding=\"async\" width=\"683\" height=\"1024\" src=\"https:\/\/treterre.it\/wp-content\/uploads\/2024\/04\/Treterre-220523-135-min.jpg\" class=\"attachment-large size-large\" alt=\"\" \/>\n\t\t\t<\/div><\/figure><figure class='gallery-item'>\n\t\t\t<div class='gallery-icon portrait'>\n\t\t\t\t<img loading=\"lazy\" decoding=\"async\" width=\"683\" height=\"1024\" src=\"https:\/\/treterre.it\/wp-content\/uploads\/2024\/04\/Treterre-9353-min.jpg\" class=\"attachment-large size-large\" alt=\"\" \/>\n\t\t\t<\/div><\/figure><figure class='gallery-item'>\n\t\t\t<div class='gallery-icon portrait'>\n\t\t\t\t<img loading=\"lazy\" decoding=\"async\" width=\"683\" height=\"1024\" src=\"https:\/\/treterre.it\/wp-content\/uploads\/2024\/04\/Treterre-220523-469-min.jpg\" class=\"attachment-large size-large\" alt=\"\" \/>\n\t\t\t<\/div><\/figure><figure class='gallery-item'>\n\t\t\t<div class='gallery-icon portrait'>\n\t\t\t\t<img loading=\"lazy\" decoding=\"async\" width=\"683\" height=\"1024\" src=\"https:\/\/treterre.it\/wp-content\/uploads\/2024\/04\/Treterre-220523-372-min.jpg\" class=\"attachment-large size-large\" alt=\"\" \/>\n\t\t\t<\/div><\/figure>\n\t\t<\/div>\n\n<\/div>\n<\/div><\/div><\/div><\/div><\/div><div id=\"pg-4300-1\"  class=\"panel-grid panel-has-style\" ><div id=\"sect1\" class=\"panel-row-style panel-row-style-for-4300-1\" ><div id=\"pgc-4300-1-0\"  class=\"panel-grid-cell\" ><div id=\"panel-4300-1-0-0\" class=\"so-panel widget widget_sow-editor panel-first-child panel-last-child\" data-index=\"2\" ><div\n\t\t\t\n\t\t\tclass=\"so-widget-sow-editor so-widget-sow-editor-base\"\n\t\t\t\n\t\t>\n<div class=\"siteorigin-widget-tinymce textwidget\">\n\t<p><img loading=\"lazy\" decoding=\"async\" class=\"alignnone wp-image-6498 size-full\" src=\"https:\/\/treterre.it\/wp-content\/uploads\/2024\/08\/Treterre-220523-122NEW.png\" alt=\"Treterre 220523 122new\" width=\"1920\" height=\"1280\" srcset=\"https:\/\/treterre.it\/wp-content\/uploads\/2024\/08\/Treterre-220523-122NEW.png 1920w, https:\/\/treterre.it\/wp-content\/uploads\/2024\/08\/Treterre-220523-122NEW-300x200.png 300w, https:\/\/treterre.it\/wp-content\/uploads\/2024\/08\/Treterre-220523-122NEW-1024x683.png 1024w, https:\/\/treterre.it\/wp-content\/uploads\/2024\/08\/Treterre-220523-122NEW-768x512.png 768w, https:\/\/treterre.it\/wp-content\/uploads\/2024\/08\/Treterre-220523-122NEW-1536x1024.png 1536w, https:\/\/treterre.it\/wp-content\/uploads\/2024\/08\/Treterre-220523-122NEW-272x182.png 272w\" sizes=\"auto, (max-width: 1920px) 100vw, 1920px\" \/><\/p>\n<\/div>\n<\/div><\/div><\/div><\/div><\/div><div id=\"pg-4300-2\"  class=\"panel-grid panel-has-style\" ><div id=\"sect2\" class=\"panel-row-style panel-row-style-for-4300-2\" ><div id=\"pgc-4300-2-0\"  class=\"panel-grid-cell\" ><div id=\"panel-4300-2-0-0\" class=\"so-panel widget widget_sow-editor panel-first-child panel-last-child\" data-index=\"3\" ><div\n\t\t\t\n\t\t\tclass=\"so-widget-sow-editor so-widget-sow-editor-base\"\n\t\t\t\n\t\t>\n<div class=\"siteorigin-widget-tinymce textwidget\">\n\t\n<\/div>\n<\/div><\/div><\/div><div id=\"pgc-4300-2-1\"  class=\"panel-grid-cell\" ><div id=\"panel-4300-2-1-0\" class=\"so-panel widget widget_sow-editor panel-first-child panel-last-child\" data-index=\"4\" ><div class=\"panel-widget-style panel-widget-style-for-4300-2-1-0\" ><div\n\t\t\t\n\t\t\tclass=\"so-widget-sow-editor so-widget-sow-editor-base\"\n\t\t\t\n\t\t>\n<div class=\"siteorigin-widget-tinymce textwidget\">\n\t<h1>La Struttura<\/h1>\n<p>La struttura si sviluppa su un'area di circa 3 acri di terreno coltivato e boschivo. Prendi il meglio della tua vacanza sulla nostra bellissima collina e scopri un nuovo modo di vivere. Questa etica, di una vita pi\u00f9 naturale, \u00e8 perfettamente in sintonia con l'ambiente circostante e la nostra missione \u00e8 trasmetterla anche ai nostri ospiti. I nostri sforzi sono interamente dedicati a farvi sentire a casa in un ambiente naturale, accogliente e curato, dove benessere e relax sono la ragione per cui molti dei nostri ospiti sono visitatori abituali.<\/p>\n<\/div>\n<\/div><\/div><\/div><\/div><\/div><\/div><div id=\"pg-4300-3\"  class=\"panel-grid panel-has-style\" ><div id=\"sect1\" class=\"panel-row-style panel-row-style-for-4300-3\" ><div id=\"pgc-4300-3-0\"  class=\"panel-grid-cell\" ><div id=\"panel-4300-3-0-0\" class=\"so-panel widget widget_sow-editor panel-first-child panel-last-child\" data-index=\"5\" ><div\n\t\t\t\n\t\t\tclass=\"so-widget-sow-editor so-widget-sow-editor-base\"\n\t\t\t\n\t\t>\n<div class=\"siteorigin-widget-tinymce textwidget\">\n\t<p><img loading=\"lazy\" decoding=\"async\" class=\"alignnone wp-image-6504 size-full\" src=\"https:\/\/treterre.it\/wp-content\/uploads\/2024\/08\/Treterre-220523-1-minNEW.png\" alt=\"Treterre 220523 1 Minnew\" width=\"1920\" height=\"1280\" srcset=\"https:\/\/treterre.it\/wp-content\/uploads\/2024\/08\/Treterre-220523-1-minNEW.png 1920w, https:\/\/treterre.it\/wp-content\/uploads\/2024\/08\/Treterre-220523-1-minNEW-300x200.png 300w, https:\/\/treterre.it\/wp-content\/uploads\/2024\/08\/Treterre-220523-1-minNEW-1024x683.png 1024w, https:\/\/treterre.it\/wp-content\/uploads\/2024\/08\/Treterre-220523-1-minNEW-768x512.png 768w, https:\/\/treterre.it\/wp-content\/uploads\/2024\/08\/Treterre-220523-1-minNEW-1536x1024.png 1536w, https:\/\/treterre.it\/wp-content\/uploads\/2024\/08\/Treterre-220523-1-minNEW-272x182.png 272w\" sizes=\"auto, (max-width: 1920px) 100vw, 1920px\" \/><\/p>\n<\/div>\n<\/div><\/div><\/div><\/div><\/div><div id=\"pg-4300-4\"  class=\"panel-grid panel-has-style\" ><div id=\"sect3\" class=\"panel-row-style panel-row-style-for-4300-4\" ><div id=\"pgc-4300-4-0\"  class=\"panel-grid-cell\" ><div id=\"panel-4300-4-0-0\" class=\"so-panel widget widget_sow-editor panel-first-child panel-last-child\" data-index=\"6\" ><div class=\"panel-widget-style panel-widget-style-for-4300-4-0-0\" ><div\n\t\t\t\n\t\t\tclass=\"so-widget-sow-editor so-widget-sow-editor-base\"\n\t\t\t\n\t\t>\n<div class=\"siteorigin-widget-tinymce textwidget\">\n\t<h1>Produzione e bottega<\/h1>\n<p>Un'estesa area attorno alla struttura \u00e8 coltivata con deliziose verdure biologiche e frutti di bosco che sempre sono presenti nei nostri piatti al ristorante e nei prodotti fatti in casa disponibili nel nostro negozio. Se c'\u00e8 una cosa che ci distingue, \u00e8 sicuramente l'amore per la gastronomia e per i buoni e onesti prodotti locali. Dalle colazioni alle cene, dalle marmellate e conserve fatte in casa agli oli di lavanda e alle erbe che coltiviamo nei nostri orti, la parola segreta \u00e8 \"genuinit\u00e0\".<\/p>\n<\/div>\n<\/div><\/div><\/div><\/div><div id=\"pgc-4300-4-1\"  class=\"panel-grid-cell\" ><div id=\"panel-4300-4-1-0\" class=\"so-panel widget widget_sow-editor panel-first-child panel-last-child\" data-index=\"7\" ><div\n\t\t\t\n\t\t\tclass=\"so-widget-sow-editor so-widget-sow-editor-base\"\n\t\t\t\n\t\t>\n<div class=\"siteorigin-widget-tinymce textwidget\">\n\t<div id='gallery-3' class='gallery galleryid-4300 gallery-columns-1 gallery-size-large'><figure class='gallery-item'>\n\t\t\t<div class='gallery-icon portrait'>\n\t\t\t\t<img loading=\"lazy\" decoding=\"async\" width=\"683\" height=\"1024\" src=\"https:\/\/treterre.it\/wp-content\/uploads\/2024\/08\/Treterre-9495-minNEW-683x1024.png\" class=\"attachment-large size-large\" alt=\"Treterre 9495 Minnew\" srcset=\"https:\/\/treterre.it\/wp-content\/uploads\/2024\/08\/Treterre-9495-minNEW-683x1024.png 683w, https:\/\/treterre.it\/wp-content\/uploads\/2024\/08\/Treterre-9495-minNEW-200x300.png 200w, https:\/\/treterre.it\/wp-content\/uploads\/2024\/08\/Treterre-9495-minNEW-768x1152.png 768w, https:\/\/treterre.it\/wp-content\/uploads\/2024\/08\/Treterre-9495-minNEW-1024x1536.png 1024w, https:\/\/treterre.it\/wp-content\/uploads\/2024\/08\/Treterre-9495-minNEW.png 1200w\" sizes=\"auto, (max-width: 683px) 100vw, 683px\" \/>\n\t\t\t<\/div><\/figure><figure class='gallery-item'>\n\t\t\t<div class='gallery-icon portrait'>\n\t\t\t\t<img loading=\"lazy\" decoding=\"async\" width=\"683\" height=\"1024\" src=\"https:\/\/treterre.it\/wp-content\/uploads\/2024\/08\/Treterre-9483-minNEW-683x1024.png\" class=\"attachment-large size-large\" alt=\"Treterre 9483 Minnew\" srcset=\"https:\/\/treterre.it\/wp-content\/uploads\/2024\/08\/Treterre-9483-minNEW-683x1024.png 683w, https:\/\/treterre.it\/wp-content\/uploads\/2024\/08\/Treterre-9483-minNEW-200x300.png 200w, https:\/\/treterre.it\/wp-content\/uploads\/2024\/08\/Treterre-9483-minNEW-768x1152.png 768w, https:\/\/treterre.it\/wp-content\/uploads\/2024\/08\/Treterre-9483-minNEW-1024x1536.png 1024w, https:\/\/treterre.it\/wp-content\/uploads\/2024\/08\/Treterre-9483-minNEW.png 1200w\" sizes=\"auto, (max-width: 683px) 100vw, 683px\" \/>\n\t\t\t<\/div><\/figure><figure class='gallery-item'>\n\t\t\t<div class='gallery-icon portrait'>\n\t\t\t\t<img loading=\"lazy\" decoding=\"async\" width=\"683\" height=\"1024\" src=\"https:\/\/treterre.it\/wp-content\/uploads\/2024\/08\/Treterre-9481-minNEW-683x1024.png\" class=\"attachment-large size-large\" alt=\"Treterre 9481 Minnew\" srcset=\"https:\/\/treterre.it\/wp-content\/uploads\/2024\/08\/Treterre-9481-minNEW-683x1024.png 683w, https:\/\/treterre.it\/wp-content\/uploads\/2024\/08\/Treterre-9481-minNEW-200x300.png 200w, https:\/\/treterre.it\/wp-content\/uploads\/2024\/08\/Treterre-9481-minNEW-768x1152.png 768w, https:\/\/treterre.it\/wp-content\/uploads\/2024\/08\/Treterre-9481-minNEW-1024x1536.png 1024w, https:\/\/treterre.it\/wp-content\/uploads\/2024\/08\/Treterre-9481-minNEW.png 1200w\" sizes=\"auto, (max-width: 683px) 100vw, 683px\" \/>\n\t\t\t<\/div><\/figure><figure class='gallery-item'>\n\t\t\t<div class='gallery-icon portrait'>\n\t\t\t\t<img loading=\"lazy\" decoding=\"async\" width=\"683\" height=\"1024\" src=\"https:\/\/treterre.it\/wp-content\/uploads\/2024\/08\/Treterre-9468-minNEW-683x1024.png\" class=\"attachment-large size-large\" alt=\"Treterre 9468 Minnew\" srcset=\"https:\/\/treterre.it\/wp-content\/uploads\/2024\/08\/Treterre-9468-minNEW-683x1024.png 683w, https:\/\/treterre.it\/wp-content\/uploads\/2024\/08\/Treterre-9468-minNEW-200x300.png 200w, https:\/\/treterre.it\/wp-content\/uploads\/2024\/08\/Treterre-9468-minNEW-768x1152.png 768w, https:\/\/treterre.it\/wp-content\/uploads\/2024\/08\/Treterre-9468-minNEW-1024x1536.png 1024w, https:\/\/treterre.it\/wp-content\/uploads\/2024\/08\/Treterre-9468-minNEW.png 1200w\" sizes=\"auto, (max-width: 683px) 100vw, 683px\" \/>\n\t\t\t<\/div><\/figure><figure class='gallery-item'>\n\t\t\t<div class='gallery-icon portrait'>\n\t\t\t\t<img loading=\"lazy\" decoding=\"async\" width=\"683\" height=\"1024\" src=\"https:\/\/treterre.it\/wp-content\/uploads\/2024\/08\/Treterre-9466-minNEW-683x1024.png\" class=\"attachment-large size-large\" alt=\"Treterre 9466 Minnew\" srcset=\"https:\/\/treterre.it\/wp-content\/uploads\/2024\/08\/Treterre-9466-minNEW-683x1024.png 683w, https:\/\/treterre.it\/wp-content\/uploads\/2024\/08\/Treterre-9466-minNEW-200x300.png 200w, https:\/\/treterre.it\/wp-content\/uploads\/2024\/08\/Treterre-9466-minNEW-768x1152.png 768w, https:\/\/treterre.it\/wp-content\/uploads\/2024\/08\/Treterre-9466-minNEW-1024x1536.png 1024w, https:\/\/treterre.it\/wp-content\/uploads\/2024\/08\/Treterre-9466-minNEW.png 1200w\" sizes=\"auto, (max-width: 683px) 100vw, 683px\" \/>\n\t\t\t<\/div><\/figure><figure class='gallery-item'>\n\t\t\t<div class='gallery-icon portrait'>\n\t\t\t\t<img loading=\"lazy\" decoding=\"async\" width=\"683\" height=\"1024\" src=\"https:\/\/treterre.it\/wp-content\/uploads\/2024\/08\/Treterre-9467-minNEW-683x1024.png\" class=\"attachment-large size-large\" alt=\"Treterre 9467 Minnew\" srcset=\"https:\/\/treterre.it\/wp-content\/uploads\/2024\/08\/Treterre-9467-minNEW-683x1024.png 683w, https:\/\/treterre.it\/wp-content\/uploads\/2024\/08\/Treterre-9467-minNEW-200x300.png 200w, https:\/\/treterre.it\/wp-content\/uploads\/2024\/08\/Treterre-9467-minNEW-768x1152.png 768w, https:\/\/treterre.it\/wp-content\/uploads\/2024\/08\/Treterre-9467-minNEW-1024x1536.png 1024w, https:\/\/treterre.it\/wp-content\/uploads\/2024\/08\/Treterre-9467-minNEW.png 1200w\" sizes=\"auto, (max-width: 683px) 100vw, 683px\" \/>\n\t\t\t<\/div><\/figure>\n\t\t<\/div>\n\n<\/div>\n<\/div><\/div><\/div><\/div><\/div><div id=\"pg-4300-5\"  class=\"panel-grid panel-has-style\" ><div id=\"sect1\" class=\"panel-row-style panel-row-style-for-4300-5\" ><div id=\"pgc-4300-5-0\"  class=\"panel-grid-cell\" ><div id=\"panel-4300-5-0-0\" class=\"so-panel widget widget_sow-editor panel-first-child panel-last-child\" data-index=\"8\" ><div\n\t\t\t\n\t\t\tclass=\"so-widget-sow-editor so-widget-sow-editor-base\"\n\t\t\t\n\t\t>\n<div class=\"siteorigin-widget-tinymce textwidget\">\n\t<p><img loading=\"lazy\" decoding=\"async\" class=\"alignnone wp-image-6524 size-full\" src=\"https:\/\/treterre.it\/wp-content\/uploads\/2024\/08\/Treterre-220523-411-minNEW.png\" alt=\"Treterre 220523 411 Minnew\" width=\"1920\" height=\"1280\" srcset=\"https:\/\/treterre.it\/wp-content\/uploads\/2024\/08\/Treterre-220523-411-minNEW.png 1920w, https:\/\/treterre.it\/wp-content\/uploads\/2024\/08\/Treterre-220523-411-minNEW-300x200.png 300w, https:\/\/treterre.it\/wp-content\/uploads\/2024\/08\/Treterre-220523-411-minNEW-1024x683.png 1024w, https:\/\/treterre.it\/wp-content\/uploads\/2024\/08\/Treterre-220523-411-minNEW-768x512.png 768w, https:\/\/treterre.it\/wp-content\/uploads\/2024\/08\/Treterre-220523-411-minNEW-1536x1024.png 1536w, https:\/\/treterre.it\/wp-content\/uploads\/2024\/08\/Treterre-220523-411-minNEW-272x182.png 272w\" sizes=\"auto, (max-width: 1920px) 100vw, 1920px\" \/><\/p>\n<\/div>\n<\/div><\/div><\/div><\/div><\/div><div id=\"pg-4300-6\"  class=\"panel-grid panel-has-style\" ><div id=\"sect4\" class=\"panel-row-style panel-row-style-for-4300-6\" ><div id=\"pgc-4300-6-0\"  class=\"panel-grid-cell\" ><div id=\"panel-4300-6-0-0\" class=\"so-panel widget widget_sow-editor panel-first-child panel-last-child\" data-index=\"9\" ><div\n\t\t\t\n\t\t\tclass=\"so-widget-sow-editor so-widget-sow-editor-base\"\n\t\t\t\n\t\t>\n<div class=\"siteorigin-widget-tinymce textwidget\">\n\t<div id='gallery-4' class='gallery galleryid-4300 gallery-columns-1 gallery-size-large'><figure class='gallery-item'>\n\t\t\t<div class='gallery-icon landscape'>\n\t\t\t\t<img loading=\"lazy\" decoding=\"async\" width=\"960\" height=\"720\" src=\"https:\/\/treterre.it\/wp-content\/uploads\/2019\/10\/panorama.jpg\" class=\"attachment-large size-large\" alt=\"\" srcset=\"https:\/\/treterre.it\/wp-content\/uploads\/2019\/10\/panorama.jpg 960w, https:\/\/treterre.it\/wp-content\/uploads\/2019\/10\/panorama-300x225.jpg 300w, https:\/\/treterre.it\/wp-content\/uploads\/2019\/10\/panorama-768x576.jpg 768w\" sizes=\"auto, (max-width: 960px) 100vw, 960px\" \/>\n\t\t\t<\/div><\/figure><figure class='gallery-item'>\n\t\t\t<div class='gallery-icon landscape'>\n\t\t\t\t<img loading=\"lazy\" decoding=\"async\" width=\"1024\" height=\"621\" src=\"https:\/\/treterre.it\/wp-content\/uploads\/2020\/05\/lake9.png\" class=\"attachment-large size-large\" alt=\"\" srcset=\"https:\/\/treterre.it\/wp-content\/uploads\/2020\/05\/lake9.png 1024w, https:\/\/treterre.it\/wp-content\/uploads\/2020\/05\/lake9-300x182.png 300w, https:\/\/treterre.it\/wp-content\/uploads\/2020\/05\/lake9-768x466.png 768w\" sizes=\"auto, (max-width: 1024px) 100vw, 1024px\" \/>\n\t\t\t<\/div><\/figure><figure class='gallery-item'>\n\t\t\t<div class='gallery-icon landscape'>\n\t\t\t\t<img loading=\"lazy\" decoding=\"async\" width=\"1024\" height=\"577\" src=\"https:\/\/treterre.it\/wp-content\/uploads\/2020\/05\/lake4.jpg\" class=\"attachment-large size-large\" alt=\"\" srcset=\"https:\/\/treterre.it\/wp-content\/uploads\/2020\/05\/lake4.jpg 1024w, https:\/\/treterre.it\/wp-content\/uploads\/2020\/05\/lake4-300x169.jpg 300w, https:\/\/treterre.it\/wp-content\/uploads\/2020\/05\/lake4-768x433.jpg 768w\" sizes=\"auto, (max-width: 1024px) 100vw, 1024px\" \/>\n\t\t\t<\/div><\/figure><figure class='gallery-item'>\n\t\t\t<div class='gallery-icon landscape'>\n\t\t\t\t<img loading=\"lazy\" decoding=\"async\" width=\"1024\" height=\"682\" src=\"https:\/\/treterre.it\/wp-content\/uploads\/2020\/05\/lake10-1024x682.jpg\" class=\"attachment-large size-large\" alt=\"\" srcset=\"https:\/\/treterre.it\/wp-content\/uploads\/2020\/05\/lake10-1024x682.jpg 1024w, https:\/\/treterre.it\/wp-content\/uploads\/2020\/05\/lake10-300x200.jpg 300w, https:\/\/treterre.it\/wp-content\/uploads\/2020\/05\/lake10-768x512.jpg 768w, https:\/\/treterre.it\/wp-content\/uploads\/2020\/05\/lake10-272x182.jpg 272w, https:\/\/treterre.it\/wp-content\/uploads\/2020\/05\/lake10.jpg 1280w\" sizes=\"auto, (max-width: 1024px) 100vw, 1024px\" \/>\n\t\t\t<\/div><\/figure><figure class='gallery-item'>\n\t\t\t<div class='gallery-icon landscape'>\n\t\t\t\t<img loading=\"lazy\" decoding=\"async\" width=\"1024\" height=\"682\" src=\"https:\/\/treterre.it\/wp-content\/uploads\/2020\/05\/lake3-1.jpg\" class=\"attachment-large size-large\" alt=\"\" srcset=\"https:\/\/treterre.it\/wp-content\/uploads\/2020\/05\/lake3-1.jpg 1024w, https:\/\/treterre.it\/wp-content\/uploads\/2020\/05\/lake3-1-300x200.jpg 300w, https:\/\/treterre.it\/wp-content\/uploads\/2020\/05\/lake3-1-768x512.jpg 768w, https:\/\/treterre.it\/wp-content\/uploads\/2020\/05\/lake3-1-272x182.jpg 272w\" sizes=\"auto, (max-width: 1024px) 100vw, 1024px\" \/>\n\t\t\t<\/div><\/figure><figure class='gallery-item'>\n\t\t\t<div class='gallery-icon landscape'>\n\t\t\t\t<img loading=\"lazy\" decoding=\"async\" width=\"1024\" height=\"768\" src=\"https:\/\/treterre.it\/wp-content\/uploads\/2020\/05\/lake2-1.jpg\" class=\"attachment-large size-large\" alt=\"\" srcset=\"https:\/\/treterre.it\/wp-content\/uploads\/2020\/05\/lake2-1.jpg 1024w, https:\/\/treterre.it\/wp-content\/uploads\/2020\/05\/lake2-1-300x225.jpg 300w, https:\/\/treterre.it\/wp-content\/uploads\/2020\/05\/lake2-1-768x576.jpg 768w\" sizes=\"auto, (max-width: 1024px) 100vw, 1024px\" \/>\n\t\t\t<\/div><\/figure><figure class='gallery-item'>\n\t\t\t<div class='gallery-icon landscape'>\n\t\t\t\t<img loading=\"lazy\" decoding=\"async\" width=\"1024\" height=\"576\" src=\"https:\/\/treterre.it\/wp-content\/uploads\/2020\/05\/lake8-1024x576.jpg\" class=\"attachment-large size-large\" alt=\"\" srcset=\"https:\/\/treterre.it\/wp-content\/uploads\/2020\/05\/lake8-1024x576.jpg 1024w, https:\/\/treterre.it\/wp-content\/uploads\/2020\/05\/lake8-300x169.jpg 300w, https:\/\/treterre.it\/wp-content\/uploads\/2020\/05\/lake8-768x432.jpg 768w, https:\/\/treterre.it\/wp-content\/uploads\/2020\/05\/lake8.jpg 1280w\" sizes=\"auto, (max-width: 1024px) 100vw, 1024px\" \/>\n\t\t\t<\/div><\/figure><figure class='gallery-item'>\n\t\t\t<div class='gallery-icon landscape'>\n\t\t\t\t<img loading=\"lazy\" decoding=\"async\" width=\"1024\" height=\"683\" src=\"https:\/\/treterre.it\/wp-content\/uploads\/2020\/05\/lake7-1024x683.jpg\" class=\"attachment-large size-large\" alt=\"\" srcset=\"https:\/\/treterre.it\/wp-content\/uploads\/2020\/05\/lake7-1024x683.jpg 1024w, https:\/\/treterre.it\/wp-content\/uploads\/2020\/05\/lake7-300x200.jpg 300w, https:\/\/treterre.it\/wp-content\/uploads\/2020\/05\/lake7-768x512.jpg 768w, https:\/\/treterre.it\/wp-content\/uploads\/2020\/05\/lake7-272x182.jpg 272w, https:\/\/treterre.it\/wp-content\/uploads\/2020\/05\/lake7.jpg 1200w\" sizes=\"auto, (max-width: 1024px) 100vw, 1024px\" \/>\n\t\t\t<\/div><\/figure><figure class='gallery-item'>\n\t\t\t<div class='gallery-icon landscape'>\n\t\t\t\t<img loading=\"lazy\" decoding=\"async\" width=\"1024\" height=\"680\" src=\"https:\/\/treterre.it\/wp-content\/uploads\/2020\/05\/lake6-1024x680.jpg\" class=\"attachment-large size-large\" alt=\"\" srcset=\"https:\/\/treterre.it\/wp-content\/uploads\/2020\/05\/lake6-1024x680.jpg 1024w, https:\/\/treterre.it\/wp-content\/uploads\/2020\/05\/lake6-300x199.jpg 300w, https:\/\/treterre.it\/wp-content\/uploads\/2020\/05\/lake6-768x510.jpg 768w, https:\/\/treterre.it\/wp-content\/uploads\/2020\/05\/lake6-272x182.jpg 272w, https:\/\/treterre.it\/wp-content\/uploads\/2020\/05\/lake6.jpg 1280w\" sizes=\"auto, (max-width: 1024px) 100vw, 1024px\" \/>\n\t\t\t<\/div><\/figure><figure class='gallery-item'>\n\t\t\t<div class='gallery-icon landscape'>\n\t\t\t\t<img loading=\"lazy\" decoding=\"async\" width=\"1024\" height=\"584\" src=\"https:\/\/treterre.it\/wp-content\/uploads\/2020\/05\/lake5-1024x584.jpg\" class=\"attachment-large size-large\" alt=\"\" srcset=\"https:\/\/treterre.it\/wp-content\/uploads\/2020\/05\/lake5-1024x584.jpg 1024w, https:\/\/treterre.it\/wp-content\/uploads\/2020\/05\/lake5-300x171.jpg 300w, https:\/\/treterre.it\/wp-content\/uploads\/2020\/05\/lake5-768x438.jpg 768w, https:\/\/treterre.it\/wp-content\/uploads\/2020\/05\/lake5.jpg 1217w\" sizes=\"auto, (max-width: 1024px) 100vw, 1024px\" \/>\n\t\t\t<\/div><\/figure><figure class='gallery-item'>\n\t\t\t<div class='gallery-icon landscape'>\n\t\t\t\t<img loading=\"lazy\" decoding=\"async\" width=\"1024\" height=\"680\" src=\"https:\/\/treterre.it\/wp-content\/uploads\/2020\/05\/lake1-1-1024x680.jpg\" class=\"attachment-large size-large\" alt=\"\" srcset=\"https:\/\/treterre.it\/wp-content\/uploads\/2020\/05\/lake1-1-1024x680.jpg 1024w, https:\/\/treterre.it\/wp-content\/uploads\/2020\/05\/lake1-1-300x199.jpg 300w, https:\/\/treterre.it\/wp-content\/uploads\/2020\/05\/lake1-1-768x510.jpg 768w, https:\/\/treterre.it\/wp-content\/uploads\/2020\/05\/lake1-1-272x182.jpg 272w, https:\/\/treterre.it\/wp-content\/uploads\/2020\/05\/lake1-1.jpg 1350w\" sizes=\"auto, (max-width: 1024px) 100vw, 1024px\" \/>\n\t\t\t<\/div><\/figure>\n\t\t<\/div>\n\n<\/div>\n<\/div><\/div><\/div><div id=\"pgc-4300-6-1\"  class=\"panel-grid-cell\" ><div id=\"panel-4300-6-1-0\" class=\"so-panel widget widget_sow-editor panel-first-child panel-last-child\" data-index=\"10\" ><div class=\"panel-widget-style panel-widget-style-for-4300-6-1-0\" ><div\n\t\t\t\n\t\t\tclass=\"so-widget-sow-editor so-widget-sow-editor-base\"\n\t\t\t\n\t\t>\n<div class=\"siteorigin-widget-tinymce textwidget\">\n\t<h1>Il Lago di Como<\/h1>\n<p>Posizionato sulla costa ovest del Lago di Como, Pianello del Lario \u00e8 un piccolo centro fatto di frazioni adagiate su una collina che scende morbida verso il lago. Raggiungere le localit\u00e0 circostanti \u00e8 facile grazie agli autobus e ai traghetti che partono da Menaggio, a soli 10 minuti dall'Agriturismo Treterre. Una lunga passeggiata a lago collega i tre paese adiacenti di Cremia, Pianello e Musso. Le suggestive vedute di Pianello sono famose quanto le varie attivit\u00e0 offerte dal lago. Passaggio per Menaggio \u00e8 anche possibile raggiungere facilmente il Lago di Lugano, che si trova al confine tra Italia e Svizzera.<\/p>\n<\/div>\n<\/div><\/div><\/div><\/div><\/div><\/div><\/div>","protected":false},"excerpt":{"rendered":"<p>Comfort Agriturismo Treterre significa pace e serenit\u00e0. Assicurare questo stato d&#8217;animo per tutti i nostri ospiti \u00e8 la priorit\u00e0 nel nostro lavoro, ed \u00e8 per questo che ogni giorno ci impegniamo per offrire il massimo confort per una permanenza allo stesso tempo tranquilla e memorabile. Raggiungi la struttura con facilit\u00e0 e senza stress grazie al &#8230; <a title=\"Chi Siamo\" class=\"read-more\" href=\"https:\/\/treterre.it\/it\/chi_siamo\/\" aria-label=\"Per saperne di pi\u00f9 su Chi Siamo\">Leggi tutto<\/a><\/p>\n","protected":false},"author":1,"featured_media":0,"parent":0,"menu_order":0,"comment_status":"closed","ping_status":"closed","template":"","meta":{"footnotes":""},"class_list":["post-4300","page","type-page","status-publish"],"_links":{"self":[{"href":"https:\/\/treterre.it\/it\/wp-json\/wp\/v2\/pages\/4300","targetHints":{"allow":["GET"]}}],"collection":[{"href":"https:\/\/treterre.it\/it\/wp-json\/wp\/v2\/pages"}],"about":[{"href":"https:\/\/treterre.it\/it\/wp-json\/wp\/v2\/types\/page"}],"author":[{"embeddable":true,"href":"https:\/\/treterre.it\/it\/wp-json\/wp\/v2\/users\/1"}],"replies":[{"embeddable":true,"href":"https:\/\/treterre.it\/it\/wp-json\/wp\/v2\/comments?post=4300"}],"version-history":[{"count":5,"href":"https:\/\/treterre.it\/it\/wp-json\/wp\/v2\/pages\/4300\/revisions"}],"predecessor-version":[{"id":6534,"href":"https:\/\/treterre.it\/it\/wp-json\/wp\/v2\/pages\/4300\/revisions\/6534"}],"wp:attachment":[{"href":"https:\/\/treterre.it\/it\/wp-json\/wp\/v2\/media?parent=4300"}],"curies":[{"name":"wp","href":"https:\/\/api.w.org\/{rel}","templated":true}]}}